{"id":122,"date":"2025-11-13T08:37:16","date_gmt":"2025-11-13T07:37:16","guid":{"rendered":"https:\/\/www.dpc-steuerberater.de\/onboarding\/?page_id=122"},"modified":"2025-11-14T12:58:52","modified_gmt":"2025-11-14T11:58:52","slug":"dauermandat","status":"publish","type":"page","link":"https:\/\/www.dpc-steuerberater.de\/onboarding\/dauermandat\/","title":{"rendered":"Dauermandat"},"content":{"rendered":"\t\t<div data-elementor-type=\"wp-page\" data-elementor-id=\"122\" class=\"elementor elementor-122\" data-elementor-post-type=\"page\">\n\t\t\t\t<div class=\"elementor-element elementor-element-cdd3de3 e-con-full e-flex e-con e-parent\" data-id=\"cdd3de3\" data-element_type=\"container\" data-e-type=\"container\" data-settings=\"{&quot;background_background&quot;:&quot;classic&quot;}\">\n\t\t\t\t<\/div>\n\t\t<div class=\"elementor-element elementor-element-7002789 e-flex e-con-boxed e-con e-parent\" data-id=\"7002789\" data-element_type=\"container\" data-e-type=\"container\" data-settings=\"{&quot;background_background&quot;:&quot;classic&quot;}\">\n\t\t\t\t\t<div class=\"e-con-inner\">\n\t\t<div class=\"elementor-element elementor-element-4e126c6 e-con-full e-flex e-con e-child\" data-id=\"4e126c6\" data-element_type=\"container\" data-e-type=\"container\">\n\t\t\t\t<div class=\"elementor-element elementor-element-56040dd elementor-widget elementor-widget-heading\" data-id=\"56040dd\" data-element_type=\"widget\" data-e-type=\"widget\" data-widget_type=\"heading.default\">\n\t\t\t\t\t<h1 class=\"elementor-heading-title elementor-size-default\">Onboarding \u2013 Dauermandat<\/h1>\t\t\t\t<\/div>\n\t\t\t\t<\/div>\n\t\t\t\t\t<\/div>\n\t\t\t\t<\/div>\n\t\t<div class=\"elementor-element elementor-element-2a5e7f7 e-flex e-con-boxed e-con e-parent\" data-id=\"2a5e7f7\" data-element_type=\"container\" data-e-type=\"container\" data-settings=\"{&quot;background_background&quot;:&quot;classic&quot;}\">\n\t\t\t\t\t<div class=\"e-con-inner\">\n\t\t<div class=\"elementor-element elementor-element-088a0e0 e-con-full e-flex e-con e-child\" data-id=\"088a0e0\" data-element_type=\"container\" data-e-type=\"container\">\n\t\t\t\t<div class=\"elementor-element elementor-element-f4b1dd7 elementor-widget elementor-widget-heading\" data-id=\"f4b1dd7\" data-element_type=\"widget\" data-e-type=\"widget\" data-widget_type=\"heading.default\">\n\t\t\t\t\t<h2 class=\"elementor-heading-title elementor-size-default\">F\u00fcr wen m\u00f6chten Sie eine Mandatsanfrage stellen?<\/h2>\t\t\t\t<\/div>\n\t\t\t\t<div class=\"elementor-element elementor-element-9d8558c elementor-widget elementor-widget-text-editor\" data-id=\"9d8558c\" data-element_type=\"widget\" data-e-type=\"widget\" data-widget_type=\"text-editor.default\">\n\t\t\t\t\t\t\t\t\tBitte treffen Sie Ihre Auswahl.\t\t\t\t\t\t\t\t<\/div>\n\t\t<div class=\"elementor-element elementor-element-75c2903 e-con-full e-flex e-con e-child\" data-id=\"75c2903\" data-element_type=\"container\" data-e-type=\"container\">\n\t\t\t\t<div class=\"elementor-element elementor-element-5e4f8b6 elementor-widget elementor-widget-button\" data-id=\"5e4f8b6\" data-element_type=\"widget\" data-e-type=\"widget\" data-widget_type=\"button.default\">\n\t\t\t\t\t\t\t\t\t\t<a class=\"elementor-button elementor-button-link elementor-size-sm\" href=\"https:\/\/www.dpc-steuerberater.de\/onboarding\/dauermandat\/unternehmen\/\">\n\t\t\t\t\t\t<span class=\"elementor-button-content-wrapper\">\n\t\t\t\t\t\t\t\t\t<span class=\"elementor-button-text\">Unternehmen<\/span>\n\t\t\t\t\t<\/span>\n\t\t\t\t\t<\/a>\n\t\t\t\t\t\t\t\t<\/div>\n\t\t\t\t<div class=\"elementor-element elementor-element-0fc6084 elementor-widget elementor-widget-button\" data-id=\"0fc6084\" data-element_type=\"widget\" data-e-type=\"widget\" data-widget_type=\"button.default\">\n\t\t\t\t\t\t\t\t\t\t<a class=\"elementor-button elementor-button-link elementor-size-sm\" href=\"https:\/\/www.dpc-steuerberater.de\/onboarding\/dauermandat\/natuerliche-person\/\">\n\t\t\t\t\t\t<span class=\"elementor-button-content-wrapper\">\n\t\t\t\t\t\t\t\t\t<span class=\"elementor-button-text\">Nat\u00fcrliche Person<\/span>\n\t\t\t\t\t<\/span>\n\t\t\t\t\t<\/a>\n\t\t\t\t\t\t\t\t<\/div>\n\t\t\t\t<\/div>\n\t\t\t\t<\/div>\n\t\t\t\t\t<\/div>\n\t\t\t\t<\/div>\n\t\t\t\t<\/div>\n\t\t","protected":false},"excerpt":{"rendered":"<p>Onboarding \u2013 Dauermandat F\u00fcr wen m\u00f6chten Sie eine Mandatsanfrage stellen? Bitte treffen Sie Ihre Auswahl. Unternehmen Nat\u00fcrliche Person<\/p>\n","protected":false},"author":2,"featured_media":0,"parent":0,"menu_order":0,"comment_status":"closed","ping_status":"closed","template":"","meta":{"footnotes":""},"class_list":["post-122","page","type-page","status-publish","hentry"],"yoast_head":"<!-- This site is optimized with the Yoast SEO plugin v27.4 - https:\/\/yoast.com\/product\/yoast-seo-wordpress\/ -->\n<title>Dauermandat - Onboarding - DPC Steuerberatung<\/title>\n<meta name=\"description\" content=\"DPC Steuerberatung \u2013 Ihr digitales Onboarding: Erfassen Sie alle relevanten Daten bequem online und legen Sie den Grundstein f\u00fcr eine professionelle steuerliche Betreuung.\" \/>\n<meta name=\"robots\" content=\"index, follow, max-snippet:-1, max-image-preview:large, max-video-preview:-1\" \/>\n<link rel=\"canonical\" href=\"https:\/\/www.dpc-steuerberater.de\/onboarding\/dauermandat\/\" \/>\n<meta property=\"og:locale\" content=\"de_DE\" \/>\n<meta property=\"og:type\" content=\"article\" \/>\n<meta property=\"og:title\" content=\"Dauermandat - Onboarding - DPC Steuerberatung\" \/>\n<meta property=\"og:description\" content=\"DPC Steuerberatung \u2013 Ihr digitales Onboarding: Erfassen Sie alle relevanten Daten bequem online und legen Sie den Grundstein f\u00fcr eine professionelle steuerliche Betreuung.\" \/>\n<meta property=\"og:url\" content=\"https:\/\/www.dpc-steuerberater.de\/onboarding\/dauermandat\/\" \/>\n<meta property=\"og:site_name\" content=\"Onboarding - DPC Steuerberatung\" \/>\n<meta property=\"article:modified_time\" content=\"2025-11-14T11:58:52+00:00\" \/>\n<meta property=\"og:image\" content=\"https:\/\/www.dpc-steuerberater.de\/onboarding\/wp-content\/uploads\/2025\/11\/dpc-startseite.jpg\" \/>\n\t<meta property=\"og:image:width\" content=\"1920\" \/>\n\t<meta property=\"og:image:height\" content=\"570\" \/>\n\t<meta property=\"og:image:type\" content=\"image\/jpeg\" \/>\n<meta name=\"twitter:card\" content=\"summary_large_image\" \/>\n<script type=\"application\/ld+json\" class=\"yoast-schema-graph\">{\"@context\":\"https:\\\/\\\/schema.org\",\"@graph\":[{\"@type\":\"WebPage\",\"@id\":\"https:\\\/\\\/www.dpc-steuerberater.de\\\/onboarding\\\/dauermandat\\\/\",\"url\":\"https:\\\/\\\/www.dpc-steuerberater.de\\\/onboarding\\\/dauermandat\\\/\",\"name\":\"Dauermandat - Onboarding - DPC Steuerberatung\",\"isPartOf\":{\"@id\":\"https:\\\/\\\/www.dpc-steuerberater.de\\\/onboarding\\\/#website\"},\"datePublished\":\"2025-11-13T07:37:16+00:00\",\"dateModified\":\"2025-11-14T11:58:52+00:00\",\"description\":\"DPC Steuerberatung \u2013 Ihr digitales Onboarding: Erfassen Sie alle relevanten Daten bequem online und legen Sie den Grundstein f\u00fcr eine professionelle steuerliche Betreuung.\",\"breadcrumb\":{\"@id\":\"https:\\\/\\\/www.dpc-steuerberater.de\\\/onboarding\\\/dauermandat\\\/#breadcrumb\"},\"inLanguage\":\"de\",\"potentialAction\":[{\"@type\":\"ReadAction\",\"target\":[\"https:\\\/\\\/www.dpc-steuerberater.de\\\/onboarding\\\/dauermandat\\\/\"]}]},{\"@type\":\"BreadcrumbList\",\"@id\":\"https:\\\/\\\/www.dpc-steuerberater.de\\\/onboarding\\\/dauermandat\\\/#breadcrumb\",\"itemListElement\":[{\"@type\":\"ListItem\",\"position\":1,\"name\":\"Startseite\",\"item\":\"https:\\\/\\\/www.dpc-steuerberater.de\\\/onboarding\\\/\"},{\"@type\":\"ListItem\",\"position\":2,\"name\":\"Dauermandat\"}]},{\"@type\":\"WebSite\",\"@id\":\"https:\\\/\\\/www.dpc-steuerberater.de\\\/onboarding\\\/#website\",\"url\":\"https:\\\/\\\/www.dpc-steuerberater.de\\\/onboarding\\\/\",\"name\":\"Onboarding - DPC Steuerberatung\",\"description\":\"\",\"publisher\":{\"@id\":\"https:\\\/\\\/www.dpc-steuerberater.de\\\/onboarding\\\/#organization\"},\"potentialAction\":[{\"@type\":\"SearchAction\",\"target\":{\"@type\":\"EntryPoint\",\"urlTemplate\":\"https:\\\/\\\/www.dpc-steuerberater.de\\\/onboarding\\\/?s={search_term_string}\"},\"query-input\":{\"@type\":\"PropertyValueSpecification\",\"valueRequired\":true,\"valueName\":\"search_term_string\"}}],\"inLanguage\":\"de\"},{\"@type\":\"Organization\",\"@id\":\"https:\\\/\\\/www.dpc-steuerberater.de\\\/onboarding\\\/#organization\",\"name\":\"Onboarding - DPC Steuerberatung\",\"url\":\"https:\\\/\\\/www.dpc-steuerberater.de\\\/onboarding\\\/\",\"logo\":{\"@type\":\"ImageObject\",\"inLanguage\":\"de\",\"@id\":\"https:\\\/\\\/www.dpc-steuerberater.de\\\/onboarding\\\/#\\\/schema\\\/logo\\\/image\\\/\",\"url\":\"https:\\\/\\\/www.dpc-steuerberater.de\\\/onboarding\\\/wp-content\\\/uploads\\\/2025\\\/11\\\/cropped-dpc-logo-rounded.png\",\"contentUrl\":\"https:\\\/\\\/www.dpc-steuerberater.de\\\/onboarding\\\/wp-content\\\/uploads\\\/2025\\\/11\\\/cropped-dpc-logo-rounded.png\",\"width\":309,\"height\":129,\"caption\":\"Onboarding - DPC Steuerberatung\"},\"image\":{\"@id\":\"https:\\\/\\\/www.dpc-steuerberater.de\\\/onboarding\\\/#\\\/schema\\\/logo\\\/image\\\/\"}}]}<\/script>\n<!-- \/ Yoast SEO plugin. -->","yoast_head_json":{"title":"Dauermandat - Onboarding - DPC Steuerberatung","description":"DPC Steuerberatung \u2013 Ihr digitales Onboarding: Erfassen Sie alle relevanten Daten bequem online und legen Sie den Grundstein f\u00fcr eine professionelle steuerliche Betreuung.","robots":{"index":"index","follow":"follow","max-snippet":"max-snippet:-1","max-image-preview":"max-image-preview:large","max-video-preview":"max-video-preview:-1"},"canonical":"https:\/\/www.dpc-steuerberater.de\/onboarding\/dauermandat\/","og_locale":"de_DE","og_type":"article","og_title":"Dauermandat - Onboarding - DPC Steuerberatung","og_description":"DPC Steuerberatung \u2013 Ihr digitales Onboarding: Erfassen Sie alle relevanten Daten bequem online und legen Sie den Grundstein f\u00fcr eine professionelle steuerliche Betreuung.","og_url":"https:\/\/www.dpc-steuerberater.de\/onboarding\/dauermandat\/","og_site_name":"Onboarding - DPC Steuerberatung","article_modified_time":"2025-11-14T11:58:52+00:00","og_image":[{"width":1920,"height":570,"url":"https:\/\/www.dpc-steuerberater.de\/onboarding\/wp-content\/uploads\/2025\/11\/dpc-startseite.jpg","type":"image\/jpeg"}],"twitter_card":"summary_large_image","schema":{"@context":"https:\/\/schema.org","@graph":[{"@type":"WebPage","@id":"https:\/\/www.dpc-steuerberater.de\/onboarding\/dauermandat\/","url":"https:\/\/www.dpc-steuerberater.de\/onboarding\/dauermandat\/","name":"Dauermandat - Onboarding - DPC Steuerberatung","isPartOf":{"@id":"https:\/\/www.dpc-steuerberater.de\/onboarding\/#website"},"datePublished":"2025-11-13T07:37:16+00:00","dateModified":"2025-11-14T11:58:52+00:00","description":"DPC Steuerberatung \u2013 Ihr digitales Onboarding: Erfassen Sie alle relevanten Daten bequem online und legen Sie den Grundstein f\u00fcr eine professionelle steuerliche Betreuung.","breadcrumb":{"@id":"https:\/\/www.dpc-steuerberater.de\/onboarding\/dauermandat\/#breadcrumb"},"inLanguage":"de","potentialAction":[{"@type":"ReadAction","target":["https:\/\/www.dpc-steuerberater.de\/onboarding\/dauermandat\/"]}]},{"@type":"BreadcrumbList","@id":"https:\/\/www.dpc-steuerberater.de\/onboarding\/dauermandat\/#breadcrumb","itemListElement":[{"@type":"ListItem","position":1,"name":"Startseite","item":"https:\/\/www.dpc-steuerberater.de\/onboarding\/"},{"@type":"ListItem","position":2,"name":"Dauermandat"}]},{"@type":"WebSite","@id":"https:\/\/www.dpc-steuerberater.de\/onboarding\/#website","url":"https:\/\/www.dpc-steuerberater.de\/onboarding\/","name":"Onboarding - DPC Steuerberatung","description":"","publisher":{"@id":"https:\/\/www.dpc-steuerberater.de\/onboarding\/#organization"},"potentialAction":[{"@type":"SearchAction","target":{"@type":"EntryPoint","urlTemplate":"https:\/\/www.dpc-steuerberater.de\/onboarding\/?s={search_term_string}"},"query-input":{"@type":"PropertyValueSpecification","valueRequired":true,"valueName":"search_term_string"}}],"inLanguage":"de"},{"@type":"Organization","@id":"https:\/\/www.dpc-steuerberater.de\/onboarding\/#organization","name":"Onboarding - DPC Steuerberatung","url":"https:\/\/www.dpc-steuerberater.de\/onboarding\/","logo":{"@type":"ImageObject","inLanguage":"de","@id":"https:\/\/www.dpc-steuerberater.de\/onboarding\/#\/schema\/logo\/image\/","url":"https:\/\/www.dpc-steuerberater.de\/onboarding\/wp-content\/uploads\/2025\/11\/cropped-dpc-logo-rounded.png","contentUrl":"https:\/\/www.dpc-steuerberater.de\/onboarding\/wp-content\/uploads\/2025\/11\/cropped-dpc-logo-rounded.png","width":309,"height":129,"caption":"Onboarding - DPC Steuerberatung"},"image":{"@id":"https:\/\/www.dpc-steuerberater.de\/onboarding\/#\/schema\/logo\/image\/"}}]}},"_links":{"self":[{"href":"https:\/\/www.dpc-steuerberater.de\/onboarding\/wp-json\/wp\/v2\/pages\/122","targetHints":{"allow":["GET"]}}],"collection":[{"href":"https:\/\/www.dpc-steuerberater.de\/onboarding\/wp-json\/wp\/v2\/pages"}],"about":[{"href":"https:\/\/www.dpc-steuerberater.de\/onboarding\/wp-json\/wp\/v2\/types\/page"}],"author":[{"embeddable":true,"href":"https:\/\/www.dpc-steuerberater.de\/onboarding\/wp-json\/wp\/v2\/users\/2"}],"replies":[{"embeddable":true,"href":"https:\/\/www.dpc-steuerberater.de\/onboarding\/wp-json\/wp\/v2\/comments?post=122"}],"version-history":[{"count":16,"href":"https:\/\/www.dpc-steuerberater.de\/onboarding\/wp-json\/wp\/v2\/pages\/122\/revisions"}],"predecessor-version":[{"id":252,"href":"https:\/\/www.dpc-steuerberater.de\/onboarding\/wp-json\/wp\/v2\/pages\/122\/revisions\/252"}],"wp:attachment":[{"href":"https:\/\/www.dpc-steuerberater.de\/onboarding\/wp-json\/wp\/v2\/media?parent=122"}],"curies":[{"name":"wp","href":"https:\/\/api.w.org\/{rel}","templated":true}]}}