{"id":57,"date":"2025-11-07T13:38:16","date_gmt":"2025-11-07T12:38:16","guid":{"rendered":"https:\/\/www.dpc-steuerberater.de\/onboarding\/?page_id=57"},"modified":"2025-12-04T15:33:45","modified_gmt":"2025-12-04T14:33:45","slug":"startseite","status":"publish","type":"page","link":"https:\/\/www.dpc-steuerberater.de\/onboarding\/","title":{"rendered":"Startseite"},"content":{"rendered":"\t\t<div data-elementor-type=\"wp-page\" data-elementor-id=\"57\" class=\"elementor elementor-57\" data-elementor-post-type=\"page\">\n\t\t\t\t<div class=\"elementor-element elementor-element-cdd3de3 e-con-full e-flex e-con e-parent\" data-id=\"cdd3de3\" data-element_type=\"container\" data-e-type=\"container\" data-settings=\"{&quot;background_background&quot;:&quot;classic&quot;}\">\n\t\t\t\t<\/div>\n\t\t<div class=\"elementor-element elementor-element-7002789 e-flex e-con-boxed e-con e-parent\" data-id=\"7002789\" data-element_type=\"container\" data-e-type=\"container\" data-settings=\"{&quot;background_background&quot;:&quot;classic&quot;}\">\n\t\t\t\t\t<div class=\"e-con-inner\">\n\t\t<div class=\"elementor-element elementor-element-4e126c6 e-con-full e-flex e-con e-child\" data-id=\"4e126c6\" data-element_type=\"container\" data-e-type=\"container\">\n\t\t\t\t<div class=\"elementor-element elementor-element-56040dd elementor-widget elementor-widget-heading\" data-id=\"56040dd\" data-element_type=\"widget\" data-e-type=\"widget\" data-widget_type=\"heading.default\">\n\t\t\t\t\t<h1 class=\"elementor-heading-title elementor-size-default\">Onboarding bei DPC<\/h1>\t\t\t\t<\/div>\n\t\t\t\t<\/div>\n\t\t\t\t\t<\/div>\n\t\t\t\t<\/div>\n\t\t<div class=\"elementor-element elementor-element-2a5e7f7 e-flex e-con-boxed e-con e-parent\" data-id=\"2a5e7f7\" data-element_type=\"container\" data-e-type=\"container\" data-settings=\"{&quot;background_background&quot;:&quot;classic&quot;}\">\n\t\t\t\t\t<div class=\"e-con-inner\">\n\t\t<div class=\"elementor-element elementor-element-3afe096 e-con-full e-flex e-con e-child\" data-id=\"3afe096\" data-element_type=\"container\" data-e-type=\"container\">\n\t\t\t\t<div class=\"elementor-element elementor-element-93964f5 elementor-widget elementor-widget-heading\" data-id=\"93964f5\" data-element_type=\"widget\" data-e-type=\"widget\" data-widget_type=\"heading.default\">\n\t\t\t\t\t<h2 class=\"elementor-heading-title elementor-size-default\">Vielen Dank f\u00fcr Ihr Interesse an unseren Dienstleistungen!<\/h2>\t\t\t\t<\/div>\n\t\t\t\t<div class=\"elementor-element elementor-element-c69eca7 elementor-widget elementor-widget-text-editor\" data-id=\"c69eca7\" data-element_type=\"widget\" data-e-type=\"widget\" data-widget_type=\"text-editor.default\">\n\t\t\t\t\t\t\t\t\tM\u00f6chten Sie unsere Unterst\u00fctzung dauerhaft im Rahmen eines festen Mandats nutzen oder w\u00fcnschen Sie lediglich eine einmalige Beratung zu einem einzelnen Anliegen?\t\t\t\t\t\t\t\t<\/div>\n\t\t<div class=\"elementor-element elementor-element-6f9a34a e-con-full e-flex e-con e-child\" data-id=\"6f9a34a\" data-element_type=\"container\" data-e-type=\"container\">\n\t\t\t\t<div class=\"elementor-element elementor-element-f41e9f4 elementor-widget elementor-widget-button\" data-id=\"f41e9f4\" data-element_type=\"widget\" data-e-type=\"widget\" data-widget_type=\"button.default\">\n\t\t\t\t\t\t\t\t\t\t<a class=\"elementor-button elementor-button-link elementor-size-sm\" href=\"https:\/\/www.dpc-steuerberater.de\/onboarding\/dauermandat\/\">\n\t\t\t\t\t\t<span class=\"elementor-button-content-wrapper\">\n\t\t\t\t\t\t\t\t\t<span class=\"elementor-button-text\">Dauermandat<\/span>\n\t\t\t\t\t<\/span>\n\t\t\t\t\t<\/a>\n\t\t\t\t\t\t\t\t<\/div>\n\t\t\t\t<div class=\"elementor-element elementor-element-d079bf3 elementor-widget elementor-widget-button\" data-id=\"d079bf3\" data-element_type=\"widget\" data-e-type=\"widget\" data-widget_type=\"button.default\">\n\t\t\t\t\t\t\t\t\t\t<a class=\"elementor-button elementor-button-link elementor-size-sm\" href=\"https:\/\/www.dpc-steuerberater.de\/onboarding\/einmalige-beratung\/\">\n\t\t\t\t\t\t<span class=\"elementor-button-content-wrapper\">\n\t\t\t\t\t\t\t\t\t<span class=\"elementor-button-text\">Einmalige Beratung<\/span>\n\t\t\t\t\t<\/span>\n\t\t\t\t\t<\/a>\n\t\t\t\t\t\t\t\t<\/div>\n\t\t\t\t<\/div>\n\t\t\t\t<\/div>\n\t\t\t\t\t<\/div>\n\t\t\t\t<\/div>\n\t\t\t\t<\/div>\n\t\t","protected":false},"excerpt":{"rendered":"<p>Onboarding bei DPC Vielen Dank f\u00fcr Ihr Interesse an unseren Dienstleistungen! M\u00f6chten Sie unsere Unterst\u00fctzung dauerhaft im Rahmen eines festen Mandats nutzen oder w\u00fcnschen Sie lediglich eine einmalige Beratung zu einem einzelnen Anliegen? Dauermandat Einmalige Beratung<\/p>\n","protected":false},"author":2,"featured_media":0,"parent":0,"menu_order":0,"comment_status":"closed","ping_status":"closed","template":"","meta":{"footnotes":""},"class_list":["post-57","page","type-page","status-publish","hentry"],"yoast_head":"<!-- This site is optimized with the Yoast SEO plugin v27.4 - https:\/\/yoast.com\/product\/yoast-seo-wordpress\/ -->\n<title>Onboarding - DPC Steuerberatung<\/title>\n<meta name=\"description\" content=\"DPC Steuerberatung \u2013 Ihr digitales Onboarding: Erfassen Sie alle relevanten Daten bequem online und legen Sie den Grundstein f\u00fcr eine professionelle steuerliche Betreuung.\" \/>\n<meta name=\"robots\" content=\"index, follow, max-snippet:-1, max-image-preview:large, max-video-preview:-1\" \/>\n<link rel=\"canonical\" href=\"https:\/\/www.dpc-steuerberater.de\/onboarding\/\" \/>\n<meta property=\"og:locale\" content=\"de_DE\" \/>\n<meta property=\"og:type\" content=\"article\" \/>\n<meta property=\"og:title\" content=\"Onboarding - DPC Steuerberatung\" \/>\n<meta property=\"og:description\" content=\"DPC Steuerberatung \u2013 Ihr digitales Onboarding: Erfassen Sie alle relevanten Daten bequem online und legen Sie den Grundstein f\u00fcr eine professionelle steuerliche Betreuung.\" \/>\n<meta property=\"og:url\" content=\"https:\/\/www.dpc-steuerberater.de\/onboarding\/\" \/>\n<meta property=\"og:site_name\" content=\"Onboarding - DPC Steuerberatung\" \/>\n<meta property=\"article:modified_time\" content=\"2025-12-04T14:33:45+00:00\" \/>\n<meta property=\"og:image\" content=\"https:\/\/www.dpc-steuerberater.de\/onboarding\/wp-content\/uploads\/2025\/11\/dpc-startseite.jpg\" \/>\n\t<meta property=\"og:image:width\" content=\"1920\" \/>\n\t<meta property=\"og:image:height\" content=\"570\" \/>\n\t<meta property=\"og:image:type\" content=\"image\/jpeg\" \/>\n<meta name=\"twitter:card\" content=\"summary_large_image\" \/>\n<script type=\"application\/ld+json\" class=\"yoast-schema-graph\">{\"@context\":\"https:\\\/\\\/schema.org\",\"@graph\":[{\"@type\":\"WebPage\",\"@id\":\"https:\\\/\\\/www.dpc-steuerberater.de\\\/onboarding\\\/\",\"url\":\"https:\\\/\\\/www.dpc-steuerberater.de\\\/onboarding\\\/\",\"name\":\"Onboarding - DPC Steuerberatung\",\"isPartOf\":{\"@id\":\"https:\\\/\\\/www.dpc-steuerberater.de\\\/onboarding\\\/#website\"},\"datePublished\":\"2025-11-07T12:38:16+00:00\",\"dateModified\":\"2025-12-04T14:33:45+00:00\",\"description\":\"DPC Steuerberatung \u2013 Ihr digitales Onboarding: Erfassen Sie alle relevanten Daten bequem online und legen Sie den Grundstein f\u00fcr eine professionelle steuerliche Betreuung.\",\"breadcrumb\":{\"@id\":\"https:\\\/\\\/www.dpc-steuerberater.de\\\/onboarding\\\/#breadcrumb\"},\"inLanguage\":\"de\",\"potentialAction\":[{\"@type\":\"ReadAction\",\"target\":[\"https:\\\/\\\/www.dpc-steuerberater.de\\\/onboarding\\\/\"]}]},{\"@type\":\"BreadcrumbList\",\"@id\":\"https:\\\/\\\/www.dpc-steuerberater.de\\\/onboarding\\\/#breadcrumb\",\"itemListElement\":[{\"@type\":\"ListItem\",\"position\":1,\"name\":\"Startseite\",\"item\":\"https:\\\/\\\/www.dpc-steuerberater.de\\\/onboarding\\\/\"},{\"@type\":\"ListItem\",\"position\":2,\"name\":\"Startseite\"}]},{\"@type\":\"WebSite\",\"@id\":\"https:\\\/\\\/www.dpc-steuerberater.de\\\/onboarding\\\/#website\",\"url\":\"https:\\\/\\\/www.dpc-steuerberater.de\\\/onboarding\\\/\",\"name\":\"Onboarding - DPC Steuerberatung\",\"description\":\"\",\"publisher\":{\"@id\":\"https:\\\/\\\/www.dpc-steuerberater.de\\\/onboarding\\\/#organization\"},\"potentialAction\":[{\"@type\":\"SearchAction\",\"target\":{\"@type\":\"EntryPoint\",\"urlTemplate\":\"https:\\\/\\\/www.dpc-steuerberater.de\\\/onboarding\\\/?s={search_term_string}\"},\"query-input\":{\"@type\":\"PropertyValueSpecification\",\"valueRequired\":true,\"valueName\":\"search_term_string\"}}],\"inLanguage\":\"de\"},{\"@type\":\"Organization\",\"@id\":\"https:\\\/\\\/www.dpc-steuerberater.de\\\/onboarding\\\/#organization\",\"name\":\"Onboarding - DPC Steuerberatung\",\"url\":\"https:\\\/\\\/www.dpc-steuerberater.de\\\/onboarding\\\/\",\"logo\":{\"@type\":\"ImageObject\",\"inLanguage\":\"de\",\"@id\":\"https:\\\/\\\/www.dpc-steuerberater.de\\\/onboarding\\\/#\\\/schema\\\/logo\\\/image\\\/\",\"url\":\"https:\\\/\\\/www.dpc-steuerberater.de\\\/onboarding\\\/wp-content\\\/uploads\\\/2025\\\/11\\\/cropped-dpc-logo-rounded.png\",\"contentUrl\":\"https:\\\/\\\/www.dpc-steuerberater.de\\\/onboarding\\\/wp-content\\\/uploads\\\/2025\\\/11\\\/cropped-dpc-logo-rounded.png\",\"width\":309,\"height\":129,\"caption\":\"Onboarding - DPC Steuerberatung\"},\"image\":{\"@id\":\"https:\\\/\\\/www.dpc-steuerberater.de\\\/onboarding\\\/#\\\/schema\\\/logo\\\/image\\\/\"}}]}<\/script>\n<!-- \/ Yoast SEO plugin. -->","yoast_head_json":{"title":"Onboarding - DPC Steuerberatung","description":"DPC Steuerberatung \u2013 Ihr digitales Onboarding: Erfassen Sie alle relevanten Daten bequem online und legen Sie den Grundstein f\u00fcr eine professionelle steuerliche Betreuung.","robots":{"index":"index","follow":"follow","max-snippet":"max-snippet:-1","max-image-preview":"max-image-preview:large","max-video-preview":"max-video-preview:-1"},"canonical":"https:\/\/www.dpc-steuerberater.de\/onboarding\/","og_locale":"de_DE","og_type":"article","og_title":"Onboarding - DPC Steuerberatung","og_description":"DPC Steuerberatung \u2013 Ihr digitales Onboarding: Erfassen Sie alle relevanten Daten bequem online und legen Sie den Grundstein f\u00fcr eine professionelle steuerliche Betreuung.","og_url":"https:\/\/www.dpc-steuerberater.de\/onboarding\/","og_site_name":"Onboarding - DPC Steuerberatung","article_modified_time":"2025-12-04T14:33:45+00:00","og_image":[{"width":1920,"height":570,"url":"https:\/\/www.dpc-steuerberater.de\/onboarding\/wp-content\/uploads\/2025\/11\/dpc-startseite.jpg","type":"image\/jpeg"}],"twitter_card":"summary_large_image","schema":{"@context":"https:\/\/schema.org","@graph":[{"@type":"WebPage","@id":"https:\/\/www.dpc-steuerberater.de\/onboarding\/","url":"https:\/\/www.dpc-steuerberater.de\/onboarding\/","name":"Onboarding - DPC Steuerberatung","isPartOf":{"@id":"https:\/\/www.dpc-steuerberater.de\/onboarding\/#website"},"datePublished":"2025-11-07T12:38:16+00:00","dateModified":"2025-12-04T14:33:45+00:00","description":"DPC Steuerberatung \u2013 Ihr digitales Onboarding: Erfassen Sie alle relevanten Daten bequem online und legen Sie den Grundstein f\u00fcr eine professionelle steuerliche Betreuung.","breadcrumb":{"@id":"https:\/\/www.dpc-steuerberater.de\/onboarding\/#breadcrumb"},"inLanguage":"de","potentialAction":[{"@type":"ReadAction","target":["https:\/\/www.dpc-steuerberater.de\/onboarding\/"]}]},{"@type":"BreadcrumbList","@id":"https:\/\/www.dpc-steuerberater.de\/onboarding\/#breadcrumb","itemListElement":[{"@type":"ListItem","position":1,"name":"Startseite","item":"https:\/\/www.dpc-steuerberater.de\/onboarding\/"},{"@type":"ListItem","position":2,"name":"Startseite"}]},{"@type":"WebSite","@id":"https:\/\/www.dpc-steuerberater.de\/onboarding\/#website","url":"https:\/\/www.dpc-steuerberater.de\/onboarding\/","name":"Onboarding - DPC Steuerberatung","description":"","publisher":{"@id":"https:\/\/www.dpc-steuerberater.de\/onboarding\/#organization"},"potentialAction":[{"@type":"SearchAction","target":{"@type":"EntryPoint","urlTemplate":"https:\/\/www.dpc-steuerberater.de\/onboarding\/?s={search_term_string}"},"query-input":{"@type":"PropertyValueSpecification","valueRequired":true,"valueName":"search_term_string"}}],"inLanguage":"de"},{"@type":"Organization","@id":"https:\/\/www.dpc-steuerberater.de\/onboarding\/#organization","name":"Onboarding - DPC Steuerberatung","url":"https:\/\/www.dpc-steuerberater.de\/onboarding\/","logo":{"@type":"ImageObject","inLanguage":"de","@id":"https:\/\/www.dpc-steuerberater.de\/onboarding\/#\/schema\/logo\/image\/","url":"https:\/\/www.dpc-steuerberater.de\/onboarding\/wp-content\/uploads\/2025\/11\/cropped-dpc-logo-rounded.png","contentUrl":"https:\/\/www.dpc-steuerberater.de\/onboarding\/wp-content\/uploads\/2025\/11\/cropped-dpc-logo-rounded.png","width":309,"height":129,"caption":"Onboarding - DPC Steuerberatung"},"image":{"@id":"https:\/\/www.dpc-steuerberater.de\/onboarding\/#\/schema\/logo\/image\/"}}]}},"_links":{"self":[{"href":"https:\/\/www.dpc-steuerberater.de\/onboarding\/wp-json\/wp\/v2\/pages\/57","targetHints":{"allow":["GET"]}}],"collection":[{"href":"https:\/\/www.dpc-steuerberater.de\/onboarding\/wp-json\/wp\/v2\/pages"}],"about":[{"href":"https:\/\/www.dpc-steuerberater.de\/onboarding\/wp-json\/wp\/v2\/types\/page"}],"author":[{"embeddable":true,"href":"https:\/\/www.dpc-steuerberater.de\/onboarding\/wp-json\/wp\/v2\/users\/2"}],"replies":[{"embeddable":true,"href":"https:\/\/www.dpc-steuerberater.de\/onboarding\/wp-json\/wp\/v2\/comments?post=57"}],"version-history":[{"count":52,"href":"https:\/\/www.dpc-steuerberater.de\/onboarding\/wp-json\/wp\/v2\/pages\/57\/revisions"}],"predecessor-version":[{"id":240,"href":"https:\/\/www.dpc-steuerberater.de\/onboarding\/wp-json\/wp\/v2\/pages\/57\/revisions\/240"}],"wp:attachment":[{"href":"https:\/\/www.dpc-steuerberater.de\/onboarding\/wp-json\/wp\/v2\/media?parent=57"}],"curies":[{"name":"wp","href":"https:\/\/api.w.org\/{rel}","templated":true}]}}